{"id":1093,"date":"2021-12-09T14:40:52","date_gmt":"2021-12-09T13:40:52","guid":{"rendered":"https:\/\/www.facilesca.fr\/?page_id=1093"},"modified":"2022-01-30T19:26:08","modified_gmt":"2022-01-30T18:26:08","slug":"politique-de-confidentialite","status":"publish","type":"page","link":"https:\/\/www.facilesca.fr\/en\/politique-de-confidentialite\/","title":{"rendered":"Privacy Policy"},"content":{"rendered":"<p><\/p>\n\n\n\n<p class=\"has-theme-palette-2-color has-text-color\" style=\"font-size:30px\"><strong>Privacy Policy<\/strong><\/p>\n\n\n\n<p><\/p>\n\n\n\n<p class=\"has-theme-palette-1-color has-text-color\">Date of last update: 09\/12\/21<\/p>\n\n\n\n<p class=\"has-theme-palette-2-color has-text-color\" style=\"font-size:20px\"><strong>ARTICLE 1: COLLECTION OF YOUR INFORMATION<\/strong><strong>\u200b<\/strong><\/p>\n\n\n\n<p class=\"has-theme-palette-1-color has-text-color\">We collect information when you complete our <strong><em>contact forms<\/em><\/strong>.<\/p>\n\n\n\n<p class=\"has-theme-palette-1-color has-text-color\">We may collect the following information: <strong><em>Your first name<\/em><\/strong>, <strong><em>your name<\/em><\/strong>, <strong><em>Your email address<\/em><\/strong>, <strong><em>your phone number<\/em><\/strong>, <strong><em>your address<\/em><\/strong> and <strong><em>your locality<\/em><\/strong>.<\/p>\n\n\n\n<p class=\"has-theme-palette-1-color has-text-color\">In addition, we may automatically receive and record information from your computer and browser, including your IP address, software and hardware, and the page you request based on your cookie preferences you have selected through our banner.<\/p>\n\n\n\n<p class=\"has-theme-palette-2-color has-text-color\" style=\"font-size:20px\"><strong>ARTICLE 2: USE OF YOUR INFORMATION<\/strong><strong><\/strong><\/p>\n\n\n\n<p class=\"has-theme-palette-1-color has-text-color\">All information we collect from you may be used to:<\/p>\n\n\n\n<ul class=\"has-theme-palette-1-color has-text-color wp-block-list\"><li>Contact you more efficiently;<\/li><li>Collect and compile statistics to improve our marketing and web marketing campaigns;<\/li><li>Customize your experience and meet your individual needs.<\/li><\/ul>\n\n\n\n<p><\/p>\n\n\n\n<p class=\"has-theme-palette-2-color has-text-color\" style=\"font-size:20px\"><strong>ARTICLE 3: CONFIDENTIALITY OF YOUR DATA<\/strong><strong><\/strong><\/p>\n\n\n\n<p class=\"has-theme-palette-1-color has-text-color\">We are the sole owners of the information collected on our site. Your personal information will not be sold, exchanged, transferred, or given to any other company for any reason, without your consent.<\/p>\n\n\n\n<p class=\"has-theme-palette-2-color has-text-color\" style=\"font-size:20px\"><strong>ARTICLE 4: DISCLOSURE TO THIRD PARTIES<\/strong><strong><\/strong><\/p>\n\n\n\n<p class=\"has-theme-palette-1-color has-text-color\">We do not sell, trade or transfer your personally identifiable information to third parties. This does not include trusted third parties who assist us in operating our website or conducting our business, so long as those parties agree to keep this information confidential.<\/p>\n\n\n\n<p class=\"has-theme-palette-2-color has-text-color\" style=\"font-size:20px\"><strong>ARTICLE 5: PROTECTION OF YOUR INFORMATION<\/strong><strong><\/strong><\/p>\n\n\n\n<p class=\"has-theme-palette-1-color has-text-color\">We implement a variety of security measures to maintain the safety of your personal information. We use state-of-the-art encryption to protect sensitive information transmitted online. Of course, our website has a <strong>SSL Certificate (Secure Socket Layer)<\/strong>.<\/p>\n\n\n\n<p class=\"has-theme-palette-1-color has-text-color\">We also protect your information offline. Only authorized members of the company who need to perform a specific job (for example, billing or member service) have access to personally identifiable information. The computers and servers used to store personally identifiable information are kept in a secure environment by our host.<\/p>\n\n\n\n<p class=\"has-theme-palette-2-color has-text-color\" style=\"font-size:20px\"><strong>ARTICLE 6: COPYING OR DELETING YOUR INFORMATION<\/strong><strong><\/strong><\/p>\n\n\n\n<p class=\"has-theme-palette-1-color has-text-color\">We store the data transmitted via our various contact forms.<\/p>\n\n\n\n<p class=\"has-theme-palette-1-color has-text-color\">However, you have the possibility to contact us by e-mail at <strong>facilesca@gmail.com<\/strong> for any request to copy or delete your personal data that we store.<\/p>\n\n\n\n<p class=\"has-theme-palette-2-color has-text-color\" style=\"font-size:20px\"><strong>ARTICLE 7: SENDING NEWSLETTERS<\/strong><strong>\u200b<\/strong><\/p>\n\n\n\n<p class=\"has-theme-palette-1-color has-text-color\">If you are concerned by the sending of our newsletter, you can unsubscribe from them at any time via a proposal at the bottom of each e-mail.<\/p>\n\n\n\n<p class=\"has-theme-palette-2-color has-text-color\" style=\"font-size:20px\"><strong>SECTION 9: <meta charset=\"utf-8\"><strong>CONSENT TO OUR POLICY<\/strong><\/strong><\/p>\n\n\n\n<p class=\"has-theme-palette-1-color has-text-color\">By using our site, you agree to our privacy policy and that it may be modified at any time by the publisher.<\/p>\n\n\n\n<p><\/p>","protected":false},"excerpt":{"rendered":"<p>Politique de confidentialit\u00e9 Date de derni\u00e8re mise \u00e0 jour : 09\/12\/21 ARTICLE 1 : COLLECTE DE VOS INFORMATIONS\u200b Nous recueillons des informations lorsque vous remplissez nos formulaires de contact. Nous pouvons r\u00e9colter les informations suivantes : votre pr\u00e9nom, votre nom, votre adresse e-mail, votre num\u00e9ro de t\u00e9l\u00e9phone, votre adresse et votre localit\u00e9. En outre, nous&#8230;<\/p>","protected":false},"author":1,"featured_media":0,"parent":0,"menu_order":0,"comment_status":"closed","ping_status":"closed","template":"","meta":{"_kad_post_transparent":"","_kad_post_title":"","_kad_post_layout":"","_kad_post_sidebar_id":"","_kad_post_content_style":"","_kad_post_vertical_padding":"","_kad_post_feature":"","_kad_post_feature_position":"","_kad_post_header":false,"_kad_post_footer":false,"_kad_post_classname":"","footnotes":""},"class_list":["post-1093","page","type-page","status-publish","hentry"],"_links":{"self":[{"href":"https:\/\/www.facilesca.fr\/en\/wp-json\/wp\/v2\/pages\/1093","targetHints":{"allow":["GET"]}}],"collection":[{"href":"https:\/\/www.facilesca.fr\/en\/wp-json\/wp\/v2\/pages"}],"about":[{"href":"https:\/\/www.facilesca.fr\/en\/wp-json\/wp\/v2\/types\/page"}],"author":[{"embeddable":true,"href":"https:\/\/www.facilesca.fr\/en\/wp-json\/wp\/v2\/users\/1"}],"replies":[{"embeddable":true,"href":"https:\/\/www.facilesca.fr\/en\/wp-json\/wp\/v2\/comments?post=1093"}],"version-history":[{"count":7,"href":"https:\/\/www.facilesca.fr\/en\/wp-json\/wp\/v2\/pages\/1093\/revisions"}],"predecessor-version":[{"id":1310,"href":"https:\/\/www.facilesca.fr\/en\/wp-json\/wp\/v2\/pages\/1093\/revisions\/1310"}],"wp:attachment":[{"href":"https:\/\/www.facilesca.fr\/en\/wp-json\/wp\/v2\/media?parent=1093"}],"curies":[{"name":"wp","href":"https:\/\/api.w.org\/{rel}","templated":true}]}}