{"id":32,"date":"2021-11-09T18:53:19","date_gmt":"2021-11-09T17:53:19","guid":{"rendered":"https:\/\/facilesca.fr\/?page_id=32"},"modified":"2022-06-07T09:17:27","modified_gmt":"2022-06-07T07:17:27","slug":"a-propos","status":"publish","type":"page","link":"https:\/\/www.facilesca.fr\/en\/a-propos\/","title":{"rendered":"About"},"content":{"rendered":"<style>#kt-layout-id_f68e86-68 > .kt-row-column-wrap{z-index:10;position:relative;align-content:start;}:where(#kt-layout-id_f68e86-68 > .kt-row-column-wrap) > .wp-block-kadence-column{justify-content:start;}#kt-layout-id_f68e86-68 > .kt-row-column-wrap{column-gap:var(--global-kb-gap-md, 2rem);row-gap:var(--global-kb-gap-md, 2rem);max-width:1547px;margin-left:auto;margin-right:auto;padding-top:var( --global-kb-row-default-top, 25px );padding-bottom:var( --global-kb-row-default-bottom, 25px );padding-top:93px;padding-bottom:80px;padding-left:25px;padding-right:25px;grid-template-columns:minmax(0, 2fr) minmax(0, 1fr);}#kt-layout-id_f68e86-68 > .kt-row-layout-overlay{opacity:1;background-image:linear-gradient(130deg, var(--global-palette7, #EDF2F7) 0%, var(--global-palette2, #2B6CB0) 100%);}#kt-layout-id_f68e86-68 ,#kt-layout-id_f68e86-68 h1,#kt-layout-id_f68e86-68 h2,#kt-layout-id_f68e86-68 h3,#kt-layout-id_f68e86-68 h4,#kt-layout-id_f68e86-68 h5,#kt-layout-id_f68e86-68 h6{color:var(--global-palette2, #2B6CB0);}#kt-layout-id_f68e86-68 .kt-row-layout-bottom-sep{height:100px;}#kt-layout-id_f68e86-68 .kt-row-layout-bottom-sep svg{width:100%;}#kt-layout-id_f68e86-68 .kt-row-layout-bottom-sep svg{fill:#ffffff!important;}#kt-layout-id_f68e86-68 .kt-row-layout-top-sep{height:100px;}#kt-layout-id_f68e86-68 .kt-row-layout-top-sep svg{width:100%;}#kt-layout-id_f68e86-68 .kt-row-layout-top-sep svg{fill:#fafafa!important;}@media all and (max-width: 1024px){#kt-layout-id_f68e86-68 > .kt-row-column-wrap{grid-template-columns:minmax(0, 2fr) minmax(0, 1fr);}}@media all and (max-width: 1024px){#kt-layout-id_f68e86-68 .kt-row-layout-bottom-sep{height:px;}}@media all and (max-width: 1024px){#kt-layout-id_f68e86-68 .kt-row-layout-bottom-sep svg{width:%;}}@media all and (max-width: 767px){#kt-layout-id_f68e86-68 > .kt-row-column-wrap{grid-template-columns:minmax(0, 1fr);}#kt-layout-id_f68e86-68 .kt-row-layout-bottom-sep{height:px;}#kt-layout-id_f68e86-68 .kt-row-layout-bottom-sep svg{width:%;}}<\/style>\n<div class=\"wp-block-kadence-rowlayout alignfull\"><div id=\"kt-layout-id_f68e86-68\" class=\"kt-row-layout-inner kt-row-has-bg kt-layout-id_f68e86-68\"><div class=\"kt-row-layout-overlay kt-row-overlay-gradient\"><\/div><div class=\"kt-row-layout-top-sep kt-row-sep-type-threelevels\"><svg style=\"fill:#fafafa\" viewbox=\"0 0 1000 100\" preserveaspectratio=\"none\"><path style=\"opacity:0.33\" d=\"M0 95L1000 0v100H0v-5z\"><\/path><path style=\"opacity:0.66\" d=\"M0 95l1000-67.944V100H0v-5z\"><\/path><path d=\"M0 95l1000-40.887V100H0v-5z\"><\/path><\/svg><\/div><div class=\"kt-row-column-wrap kt-has-2-columns kt-gutter-default kt-v-gutter-default kt-row-valign-top kt-row-layout-left-golden kt-tab-layout-inherit kt-m-colapse-left-to-right kt-mobile-layout-row\"><style>.kadence-column_242249-94 > .kt-inside-inner-col{border-top-width:0px;border-right-width:0px;border-bottom-width:0px;border-left-width:0px;}.kadence-column_242249-94 > .kt-inside-inner-col,.kadence-column_242249-94 > .kt-inside-inner-col:before{border-top-left-radius:0px;border-top-right-radius:0px;border-bottom-right-radius:0px;border-bottom-left-radius:0px;}.kadence-column_242249-94 > .kt-inside-inner-col{column-gap:var(--global-kb-gap-sm, 1rem);}.kadence-column_242249-94 > .kt-inside-inner-col{flex-direction:column;}.kadence-column_242249-94 > .kt-inside-inner-col > .aligncenter{width:100%;}.kadence-column_242249-94 > .kt-inside-inner-col:before{opacity:0.3;}.kadence-column_242249-94{position:relative;}@media all and (max-width: 1024px){.kadence-column_242249-94 > .kt-inside-inner-col{flex-direction:column;justify-content:center;}}@media all and (max-width: 767px){.kadence-column_242249-94 > .kt-inside-inner-col{flex-direction:column;justify-content:center;}}<\/style>\n<div class=\"wp-block-kadence-column inner-column-1 kadence-column_242249-94\"><div class=\"kt-inside-inner-col\">\n<h2 class=\"has-larger-font-size wp-block-heading\" id=\"a-propos\" style=\"line-height:6\">About<\/h2>\n\n\n\n<h1 class=\"wp-block-heading\" id=\"facilesca-l-escabeau-motorise\" style=\"font-size:20px\">FacilEsca <em>the motorized PIRL <\/em><\/h1>\n\n\n\n<p style=\"line-height:1.2\">Entreprise sp\u00e9cialis\u00e9e dans la motorisation de PIRL<\/p>\n\n\n\n<p>Nous avons d\u00e9velopp\u00e9 la PIRL motoris\u00e9e, brevet\u00e9e et agr\u00e9\u00e9e CE. <\/p>\n\n\n\n<p>Our mission is to make your daily work easier and more productive.<\/p>\n\n\n\n<p>FacilEsca combines both a human approach and technical expertise that allow us to provide the most suitable features for your needs.<\/p>\n\n\n\n<p>FacilEsca est l\u00e0 ! C&rsquo;est la PIRL motoris\u00e9e qu&rsquo;il vous faut !<\/p>\n\n\n<style>.wp-block-kadence-advancedbtn.kb-btns_3fcb6c-19{gap:var(--global-kb-gap-xs, 0.5rem );justify-content:center;align-items:center;}.kt-btns_3fcb6c-19 .kt-button{font-weight:normal;font-style:normal;}.kt-btns_3fcb6c-19 .kt-btn-wrap-0{margin-right:5px;}.wp-block-kadence-advancedbtn.kt-btns_3fcb6c-19 .kt-btn-wrap-0 .kt-button{font-size:18px;}.wp-block-kadence-advancedbtn.kt-btns_3fcb6c-19 .kt-btn-wrap-0 .kt-button:hover, .wp-block-kadence-advancedbtn.kt-btns_3fcb6c-19 .kt-btn-wrap-0 .kt-button:focus{color:#ffffff;}.wp-block-kadence-advancedbtn.kt-btns_3fcb6c-19 .kt-btn-wrap-0 .kt-button::before{display:none;}<\/style>\n<div class=\"wp-block-kadence-advancedbtn kt-btn-align-center kt-btn-tablet-align-inherit kt-btn-mobile-align-inherit kt-btns-wrap kt-btns_3fcb6c-19\"><div class=\"kt-btn-wrap kt-btn-wrap-0\"><a class=\"kt-button button kt-btn-0-action kt-btn-size-small kt-btn-style-basic kt-btn-svg-show-always kt-btn-has-text-true kt-btn-has-svg-true kb-btn-global-inherit wp-block-button__link\" href=\"https:\/\/www.facilesca.fr\/en\/contact\/\" style=\"border-radius:39px\" target=\"_blank\" rel=\"noopener\"><span class=\"kt-btn-inner-text\">Contact us!<\/span><div style=\"display:inline-flex;justify-content:center;align-items:center\" class=\"kt-btn-svg-icon kt-btn-svg-icon-fe_arrowRight kt-btn-side-right\"><svg style=\"display:inline-block;vertical-align:middle\" viewbox=\"0 0 24 24\" height=\"1em\" width=\"1em\" fill=\"none\" stroke=\"currentColor\" xmlns=\"http:\/\/www.w3.org\/2000\/svg\" stroke-width=\"2\" stroke-linecap=\"round\" stroke-linejoin=\"round\"><line x1=\"5\" y1=\"12\" x2=\"19\" y2=\"12\"><\/line><polyline points=\"12 5 19 12 12 19\"><\/polyline><\/svg><\/div><\/a><\/div><\/div>\n\n\n\n<p><\/p>\n<\/div><\/div>\n\n\n<style>.kadence-column_90c40b-12 > .kt-inside-inner-col{border-top-width:0px;border-right-width:0px;border-bottom-width:0px;border-left-width:0px;}.kadence-column_90c40b-12 > .kt-inside-inner-col,.kadence-column_90c40b-12 > .kt-inside-inner-col:before{border-top-left-radius:0px;border-top-right-radius:0px;border-bottom-right-radius:0px;border-bottom-left-radius:0px;}.kadence-column_90c40b-12 > .kt-inside-inner-col{column-gap:var(--global-kb-gap-sm, 1rem);}.kadence-column_90c40b-12 > .kt-inside-inner-col{flex-direction:column;}.kadence-column_90c40b-12 > .kt-inside-inner-col > .aligncenter{width:100%;}.kadence-column_90c40b-12 > .kt-inside-inner-col:before{opacity:0.3;}.kadence-column_90c40b-12{position:relative;}@media all and (max-width: 1024px){.kadence-column_90c40b-12 > .kt-inside-inner-col{flex-direction:column;justify-content:center;}}@media all and (max-width: 767px){.kadence-column_90c40b-12 > .kt-inside-inner-col{flex-direction:column;justify-content:center;}}<\/style>\n<div class=\"wp-block-kadence-column inner-column-2 kadence-column_90c40b-12\"><div class=\"kt-inside-inner-col\">\n<figure class=\"wp-block-image size-large is-resized\"><img loading=\"lazy\" decoding=\"async\" src=\"https:\/\/www.facilesca.fr\/wp-content\/uploads\/2022\/06\/IMG_3094-768x1024.jpeg\" alt=\"\" class=\"wp-image-1454\" width=\"384\" height=\"512\" srcset=\"https:\/\/www.facilesca.fr\/wp-content\/uploads\/2022\/06\/IMG_3094-768x1024.jpeg 768w, https:\/\/www.facilesca.fr\/wp-content\/uploads\/2022\/06\/IMG_3094-225x300.jpeg 225w, https:\/\/www.facilesca.fr\/wp-content\/uploads\/2022\/06\/IMG_3094-1152x1536.jpeg 1152w, https:\/\/www.facilesca.fr\/wp-content\/uploads\/2022\/06\/IMG_3094-1536x2048.jpeg 1536w, https:\/\/www.facilesca.fr\/wp-content\/uploads\/2022\/06\/IMG_3094-9x12.jpeg 9w, https:\/\/www.facilesca.fr\/wp-content\/uploads\/2022\/06\/IMG_3094-scaled.jpeg 1920w\" sizes=\"auto, (max-width: 384px) 100vw, 384px\" \/><\/figure>\n<\/div><\/div>\n<\/div><div class=\"kt-row-layout-bottom-sep kt-row-sep-type-mtns\"><svg style=\"fill:#ffffff\" viewbox=\"0 0 1000 100\" preserveaspectratio=\"none\"><path d=\"M1000,50l-182.69,-45.286l-292.031,61.197l-190.875,-41.075l-143.748,28.794l-190.656,-23.63l0,70l1000,0l0,-50Z\" style=\"opacity:0.4\"><\/path><path d=\"M1000,57l-152.781,-22.589l-214.383,19.81l-159.318,-21.471l-177.44,25.875l-192.722,5.627l-103.356,-27.275l0,63.023l1000,0l0,-43Z\"><\/path><\/svg><\/div><\/div><\/div>","protected":false},"excerpt":{"rendered":"<p>\u00c0 propos FacilEsca la PIRL motoris\u00e9e Entreprise sp\u00e9cialis\u00e9e dans la motorisation de PIRL Nous avons d\u00e9velopp\u00e9 la PIRL motoris\u00e9e, brevet\u00e9e et agr\u00e9\u00e9e CE. Notre mission est de vous rendre le travail au quotidien plus simple et productif. FacilEsca combine \u00e0 la fois une approche humaine et une expertise technique qui nous permettent de fournir les&#8230;<\/p>","protected":false},"author":1,"featured_media":0,"parent":0,"menu_order":0,"comment_status":"closed","ping_status":"closed","template":"","meta":{"_kad_post_transparent":"","_kad_post_title":"","_kad_post_layout":"","_kad_post_sidebar_id":"","_kad_post_content_style":"","_kad_post_vertical_padding":"","_kad_post_feature":"","_kad_post_feature_position":"","_kad_post_header":false,"_kad_post_footer":false,"_kad_post_classname":"","footnotes":""},"class_list":["post-32","page","type-page","status-publish","hentry"],"_links":{"self":[{"href":"https:\/\/www.facilesca.fr\/en\/wp-json\/wp\/v2\/pages\/32","targetHints":{"allow":["GET"]}}],"collection":[{"href":"https:\/\/www.facilesca.fr\/en\/wp-json\/wp\/v2\/pages"}],"about":[{"href":"https:\/\/www.facilesca.fr\/en\/wp-json\/wp\/v2\/types\/page"}],"author":[{"embeddable":true,"href":"https:\/\/www.facilesca.fr\/en\/wp-json\/wp\/v2\/users\/1"}],"replies":[{"embeddable":true,"href":"https:\/\/www.facilesca.fr\/en\/wp-json\/wp\/v2\/comments?post=32"}],"version-history":[{"count":49,"href":"https:\/\/www.facilesca.fr\/en\/wp-json\/wp\/v2\/pages\/32\/revisions"}],"predecessor-version":[{"id":1515,"href":"https:\/\/www.facilesca.fr\/en\/wp-json\/wp\/v2\/pages\/32\/revisions\/1515"}],"wp:attachment":[{"href":"https:\/\/www.facilesca.fr\/en\/wp-json\/wp\/v2\/media?parent=32"}],"curies":[{"name":"wp","href":"https:\/\/api.w.org\/{rel}","templated":true}]}}