{"id":40,"date":"2021-11-09T18:54:08","date_gmt":"2021-11-09T17:54:08","guid":{"rendered":"https:\/\/facilesca.fr\/?page_id=40"},"modified":"2022-01-20T16:28:16","modified_gmt":"2022-01-20T15:28:16","slug":"mentions-legales","status":"publish","type":"page","link":"https:\/\/www.facilesca.fr\/en\/mentions-legales\/","title":{"rendered":"Legal Notice"},"content":{"rendered":"<p><\/p>\n\n\n\n<h1 class=\"has-text-align-left has-theme-palette-2-color has-text-color wp-block-heading\">Legal Notice<\/h1>\n\n\n\n<p class=\"has-theme-palette-1-color has-text-color\">Effective as of 08\/12\/21&nbsp;<\/p>\n\n\n\n<p class=\"has-theme-palette-1-color has-text-color\">In accordance with the provisions of Articles 6-III and 19 of Law No. 2004-575 of June 21, 2004 on Confidence in the Digital Economy, known as L.C.E.N., it is brought to the attention of users and visitors, hereinafter the<strong>User<\/strong> \u201c, from the site https:\/\/www.facilesca.fr, hereinafter the \u201c\u00a0<strong>Site<\/strong>, these legal notices.<\/p>\n\n\n\n<p class=\"has-theme-palette-1-color has-text-color\">The connection and navigation on the Site by the User implies full and unreserved acceptance of these legal notices.<\/p>\n\n\n\n<p class=\"has-theme-palette-1-color has-text-color\">These are accessible on the Site under the heading \u201cLegal notices\u201d.<\/p>\n\n\n\n<h2 class=\"has-theme-palette-2-color has-text-color wp-block-heading\">ARTICLE 1 \u2013 THE PUBLISHER<\/h2>\n\n\n\n<p class=\"has-theme-palette-1-color has-text-color\">The edition of the Site is provided by FacilEsca SAS with a capital of 1000 euros, registered in the Trade and Companies Register of AMIENS under number 902403419 whose head office is located at 25 r\u00e9sidence saint martin 80260 H\u00c9RISSART,<\/p>\n\n\n\n<p class=\"has-theme-palette-1-color has-text-color\">Phone number 0761379294,<\/p>\n\n\n\n<p class=\"has-theme-palette-1-color has-text-color\">Email address: Facilesca@gmail.com.<\/p>\n\n\n\n<p class=\"has-theme-palette-1-color has-text-color\">Intra-community VAT number: FR21 902403419<\/p>\n\n\n\n<p class=\"has-theme-palette-1-color has-text-color\">The Director of publication is Soci\u00e9t\u00e9 FacilEsca<\/p>\n\n\n\n<p class=\"has-theme-palette-1-color has-text-color\">below the<strong>Editor<\/strong>.<\/p>\n\n\n\n<h2 class=\"has-theme-palette-2-color has-text-color wp-block-heading\">ARTICLE 2 \u2013 THE HOST<\/h2>\n\n\n\n<p class=\"has-theme-palette-1-color has-text-color\">The host of the Site is the company HOSTINGER, whose head office is located at HOSTINGER INTERNATIONAL LTD, 61 Lordou Vironos Street, 6023 Larnaca, Chypre.<\/p>\n\n\n\n<h2 class=\"has-theme-palette-2-color has-text-color wp-block-heading\">ARTICLE 3 \u2013 ACCESS TO THE SITE<\/h2>\n\n\n\n<p class=\"has-theme-palette-1-color has-text-color\">The Site is accessible anywhere, 7 days a week, 24 hours a day, except in cases of force majeure, scheduled or unscheduled interruption and possibly resulting from a need for maintenance.<\/p>\n\n\n\n<p class=\"has-theme-palette-1-color has-text-color\">In the event of modification, interruption or suspension of the Site, the Publisher cannot be held responsible.<\/p>\n\n\n\n<h2 class=\"has-theme-palette-2-color has-text-color wp-block-heading\">ARTICLE 4 \u2013 DATA COLLECTION<\/h2>\n\n\n\n<p class=\"has-theme-palette-1-color has-text-color\">The Site provides the User with the collection and processing of personal information in respect of privacy in accordance with law n \u00b0 78-17 of January 6, 1978 relating to data processing, files and freedoms.<\/p>\n\n\n\n<p class=\"has-theme-palette-1-color has-text-color\">Under the Data Protection Act, dated January 6, 1978, the User has the right to access, rectify, delete and oppose his personal data. The User exercises this right:<\/p>\n\n\n\n<p class=\"has-theme-palette-1-color has-text-color\">\u00b7 by email to the email address Facilesca@gmail.com<\/p>\n\n\n\n<p class=\"has-theme-palette-1-color has-text-color\">Any use, reproduction, distribution, marketing, modification of all or part of the Site without the Publisher's authorization is prohibited and may result in legal action and prosecution as provided for in particular by the Intellectual Property Code and the Civil Code.<\/p>\n\n\n\n<p class=\"has-theme-palette-1-color has-text-color\">The European Commission provides an online dispute resolution (OS) platform. This platform is available at http:\/\/ec.europa.eu\/consumers\/odr\/.<\/p>\n\n\n\n<p class=\"has-theme-palette-1-color has-text-color\">As a customer, you always have the option of contacting the arbitration board of the European Commission. We are neither willing nor obliged to participate in dispute resolution proceedings before a consumer arbitration board.<\/p>\n\n\n\n<p><\/p>","protected":false},"excerpt":{"rendered":"<p>Mentions l\u00e9gales En vigueur au 08\/12\/21&nbsp; Conform\u00e9ment aux dispositions des Articles 6-III et 19 de la Loi n\u00b02004-575 du 21 juin 2004 pour la Confiance dans l\u2019\u00e9conomie num\u00e9rique, dite L.C.E.N., il est port\u00e9 \u00e0 la connaissance des utilisateurs et visiteurs, ci-apr\u00e8s l\u2019Utilisateur \u00ab\u00a0, du site https:\/\/www.facilesca.fr , ci-apr\u00e8s le \u00ab\u00a0Site\u00ab\u00a0, les pr\u00e9sentes mentions l\u00e9gales. La&#8230;<\/p>","protected":false},"author":1,"featured_media":0,"parent":0,"menu_order":0,"comment_status":"closed","ping_status":"closed","template":"","meta":{"_kad_post_transparent":"","_kad_post_title":"","_kad_post_layout":"","_kad_post_sidebar_id":"","_kad_post_content_style":"","_kad_post_vertical_padding":"","_kad_post_feature":"","_kad_post_feature_position":"","_kad_post_header":false,"_kad_post_footer":false,"_kad_post_classname":"","footnotes":""},"class_list":["post-40","page","type-page","status-publish","hentry"],"_links":{"self":[{"href":"https:\/\/www.facilesca.fr\/en\/wp-json\/wp\/v2\/pages\/40","targetHints":{"allow":["GET"]}}],"collection":[{"href":"https:\/\/www.facilesca.fr\/en\/wp-json\/wp\/v2\/pages"}],"about":[{"href":"https:\/\/www.facilesca.fr\/en\/wp-json\/wp\/v2\/types\/page"}],"author":[{"embeddable":true,"href":"https:\/\/www.facilesca.fr\/en\/wp-json\/wp\/v2\/users\/1"}],"replies":[{"embeddable":true,"href":"https:\/\/www.facilesca.fr\/en\/wp-json\/wp\/v2\/comments?post=40"}],"version-history":[{"count":8,"href":"https:\/\/www.facilesca.fr\/en\/wp-json\/wp\/v2\/pages\/40\/revisions"}],"predecessor-version":[{"id":1206,"href":"https:\/\/www.facilesca.fr\/en\/wp-json\/wp\/v2\/pages\/40\/revisions\/1206"}],"wp:attachment":[{"href":"https:\/\/www.facilesca.fr\/en\/wp-json\/wp\/v2\/media?parent=40"}],"curies":[{"name":"wp","href":"https:\/\/api.w.org\/{rel}","templated":true}]}}